{"id":1847,"date":"2026-01-05T15:25:44","date_gmt":"2026-01-05T14:25:44","guid":{"rendered":"https:\/\/padulainfo.it\/?page_id=1847"},"modified":"2026-02-21T22:58:50","modified_gmt":"2026-02-21T21:58:50","slug":"privacy-policy-2","status":"publish","type":"page","link":"https:\/\/vivipadula.it\/?page_id=1847","title":{"rendered":"Privacy policy"},"content":{"rendered":"\n<p class=\"has-ast-global-color-3-color has-text-color has-link-color has-medium-font-size wp-elements-c0378f22bbfbc380e2b71b230767c8c4\"><strong>Informativa Privacy e Cookie per la Mappa Turistica<\/strong><\/p>\n\n\n\n<p>In conformit\u00e0 al Regolamento UE 2016\/679 (GDPR), questa pagina descrive le modalit\u00e0 di trattamento dei dati personali degli utenti che consultano la mappa interattiva su questo sito web.<\/p>\n\n\n\n<p><strong>1. Tipologia di dati trattati<\/strong><\/p>\n\n\n\n<ul class=\"wp-block-list\">\n<li><strong>Dati di Navigazione (Google Maps):<\/strong> Il servizio mappa \u00e8 fornito tramite le API di Google Maps (Google Ireland Limited). Il caricamento della mappa comporta la trasmissione dell&#8217;indirizzo IP dell&#8217;utente ai server di Google.<\/li>\n\n\n\n<li><strong>Dati di Geolocalizzazione (GPS):<\/strong> La mappa dispone di una funzione &#8220;Trova la mia posizione&#8221;. L&#8217;attivazione del GPS avviene esclusivamente su esplicita richiesta dell&#8217;utente tramite il tasto dedicato.<\/li>\n<\/ul>\n\n\n\n<p><strong>2. Finalit\u00e0 del trattamento<\/strong><\/p>\n\n\n\n<ul class=\"wp-block-list\">\n<li>La visualizzazione della posizione geografica dei punti di interesse di Padula.<\/li>\n\n\n\n<li>Il calcolo della posizione dell&#8217;utente in tempo reale per facilitare la navigazione nel centro storico.<\/li>\n<\/ul>\n\n\n\n<p><strong>3. Modalit\u00e0 e Conservazione<\/strong><\/p>\n\n\n\n<ul class=\"wp-block-list\">\n<li><strong>Nessun salvataggio:<\/strong> I dati sulla tua posizione GPS non vengono mai salvati nei nostri database n\u00e9 condivisi con terze parti. Il calcolo avviene &#8220;lato client&#8221; (direttamente sul tuo smartphone o PC).<\/li>\n\n\n\n<li><strong>Consenso:<\/strong> L&#8217;uso della mappa e del GPS \u00e8 facoltativo. Continuando a utilizzare il servizio e cliccando sul tasto GPS, esprimi il tuo consenso al trattamento.<\/li>\n<\/ul>\n\n\n\n<p><strong>4. Diritti dell&#8217;interessato<\/strong><\/p>\n\n\n\n<p class=\"has-ast-global-color-3-color has-text-color has-link-color has-medium-font-size wp-elements-6fffc326f2f64cdb36e306848161cb55\">L&#8217;utente pu\u00f2 revocare in qualsiasi momento il permesso di geolocalizzazione tramite le impostazioni del proprio browser o negando il consenso nel banner iniziale.<\/p>\n\n\n\n<p><\/p>\n","protected":false},"excerpt":{"rendered":"<p>Informativa Privacy e Cookie per la Mappa Turistica In conformit\u00e0 al Regolamento UE 2016\/679 (GDPR), questa pagina descrive le modalit\u00e0 di trattamento dei dati personali degli utenti che consultano la mappa interattiva su questo sito web. 1. Tipologia di dati trattati 2. Finalit\u00e0 del trattamento 3. Modalit\u00e0 e Conservazione 4. Diritti dell&#8217;interessato L&#8217;utente pu\u00f2 revocare&#8230;<\/p>\n","protected":false},"author":2,"featured_media":0,"parent":0,"menu_order":0,"comment_status":"closed","ping_status":"closed","template":"","meta":{"_kad_post_transparent":"","_kad_post_title":"","_kad_post_layout":"","_kad_post_sidebar_id":"","_kad_post_content_style":"","_kad_post_vertical_padding":"","_kad_post_feature":"","_kad_post_feature_position":"","_kad_post_header":false,"_kad_post_footer":false,"_kad_post_classname":"","footnotes":""},"class_list":["post-1847","page","type-page","status-publish","hentry"],"yoast_head":"<!-- This site is optimized with the Yoast SEO plugin v27.0 - https:\/\/yoast.com\/product\/yoast-seo-wordpress\/ -->\n<title>Privacy policy - vivipadula<\/title>\n<meta name=\"robots\" content=\"index, follow, max-snippet:-1, max-image-preview:large, max-video-preview:-1\" \/>\n<link rel=\"canonical\" href=\"https:\/\/vivipadula.it\/?page_id=1847\" \/>\n<meta property=\"og:locale\" content=\"it_IT\" \/>\n<meta property=\"og:type\" content=\"article\" \/>\n<meta property=\"og:title\" content=\"Privacy policy - vivipadula\" \/>\n<meta property=\"og:description\" content=\"Informativa Privacy e Cookie per la Mappa Turistica In conformit\u00e0 al Regolamento UE 2016\/679 (GDPR), questa pagina descrive le modalit\u00e0 di trattamento dei dati personali degli utenti che consultano la mappa interattiva su questo sito web. 1. Tipologia di dati trattati 2. Finalit\u00e0 del trattamento 3. Modalit\u00e0 e Conservazione 4. Diritti dell&#8217;interessato L&#8217;utente pu\u00f2 revocare...\" \/>\n<meta property=\"og:url\" content=\"https:\/\/vivipadula.it\/?page_id=1847\" \/>\n<meta property=\"og:site_name\" content=\"vivipadula\" \/>\n<meta property=\"article:modified_time\" content=\"2026-02-21T21:58:50+00:00\" \/>\n<meta name=\"twitter:card\" content=\"summary_large_image\" \/>\n<meta name=\"twitter:label1\" content=\"Tempo di lettura stimato\" \/>\n\t<meta name=\"twitter:data1\" content=\"2 minuti\" \/>\n<script type=\"application\/ld+json\" class=\"yoast-schema-graph\">{\"@context\":\"https:\/\/schema.org\",\"@graph\":[{\"@type\":\"WebPage\",\"@id\":\"https:\/\/vivipadula.it\/?page_id=1847\",\"url\":\"https:\/\/vivipadula.it\/?page_id=1847\",\"name\":\"Privacy policy - vivipadula\",\"isPartOf\":{\"@id\":\"https:\/\/vivipadula.it\/#website\"},\"datePublished\":\"2026-01-05T14:25:44+00:00\",\"dateModified\":\"2026-02-21T21:58:50+00:00\",\"breadcrumb\":{\"@id\":\"https:\/\/vivipadula.it\/?page_id=1847#breadcrumb\"},\"inLanguage\":\"it-IT\",\"potentialAction\":[{\"@type\":\"ReadAction\",\"target\":[\"https:\/\/vivipadula.it\/?page_id=1847\"]}]},{\"@type\":\"BreadcrumbList\",\"@id\":\"https:\/\/vivipadula.it\/?page_id=1847#breadcrumb\",\"itemListElement\":[{\"@type\":\"ListItem\",\"position\":1,\"name\":\"Home\",\"item\":\"https:\/\/vivipadula.it\/\"},{\"@type\":\"ListItem\",\"position\":2,\"name\":\"Privacy policy\"}]},{\"@type\":\"WebSite\",\"@id\":\"https:\/\/vivipadula.it\/#website\",\"url\":\"https:\/\/vivipadula.it\/\",\"name\":\"vivipadula\",\"description\":\"vivipadula\",\"potentialAction\":[{\"@type\":\"SearchAction\",\"target\":{\"@type\":\"EntryPoint\",\"urlTemplate\":\"https:\/\/vivipadula.it\/?s={search_term_string}\"},\"query-input\":{\"@type\":\"PropertyValueSpecification\",\"valueRequired\":true,\"valueName\":\"search_term_string\"}}],\"inLanguage\":\"it-IT\"}]}<\/script>\n<!-- \/ Yoast SEO plugin. -->","yoast_head_json":{"title":"Privacy policy - vivipadula","robots":{"index":"index","follow":"follow","max-snippet":"max-snippet:-1","max-image-preview":"max-image-preview:large","max-video-preview":"max-video-preview:-1"},"canonical":"https:\/\/vivipadula.it\/?page_id=1847","og_locale":"it_IT","og_type":"article","og_title":"Privacy policy - vivipadula","og_description":"Informativa Privacy e Cookie per la Mappa Turistica In conformit\u00e0 al Regolamento UE 2016\/679 (GDPR), questa pagina descrive le modalit\u00e0 di trattamento dei dati personali degli utenti che consultano la mappa interattiva su questo sito web. 1. Tipologia di dati trattati 2. Finalit\u00e0 del trattamento 3. Modalit\u00e0 e Conservazione 4. Diritti dell&#8217;interessato L&#8217;utente pu\u00f2 revocare...","og_url":"https:\/\/vivipadula.it\/?page_id=1847","og_site_name":"vivipadula","article_modified_time":"2026-02-21T21:58:50+00:00","twitter_card":"summary_large_image","twitter_misc":{"Tempo di lettura stimato":"2 minuti"},"schema":{"@context":"https:\/\/schema.org","@graph":[{"@type":"WebPage","@id":"https:\/\/vivipadula.it\/?page_id=1847","url":"https:\/\/vivipadula.it\/?page_id=1847","name":"Privacy policy - vivipadula","isPartOf":{"@id":"https:\/\/vivipadula.it\/#website"},"datePublished":"2026-01-05T14:25:44+00:00","dateModified":"2026-02-21T21:58:50+00:00","breadcrumb":{"@id":"https:\/\/vivipadula.it\/?page_id=1847#breadcrumb"},"inLanguage":"it-IT","potentialAction":[{"@type":"ReadAction","target":["https:\/\/vivipadula.it\/?page_id=1847"]}]},{"@type":"BreadcrumbList","@id":"https:\/\/vivipadula.it\/?page_id=1847#breadcrumb","itemListElement":[{"@type":"ListItem","position":1,"name":"Home","item":"https:\/\/vivipadula.it\/"},{"@type":"ListItem","position":2,"name":"Privacy policy"}]},{"@type":"WebSite","@id":"https:\/\/vivipadula.it\/#website","url":"https:\/\/vivipadula.it\/","name":"vivipadula","description":"vivipadula","potentialAction":[{"@type":"SearchAction","target":{"@type":"EntryPoint","urlTemplate":"https:\/\/vivipadula.it\/?s={search_term_string}"},"query-input":{"@type":"PropertyValueSpecification","valueRequired":true,"valueName":"search_term_string"}}],"inLanguage":"it-IT"}]}},"_links":{"self":[{"href":"https:\/\/vivipadula.it\/index.php?rest_route=\/wp\/v2\/pages\/1847","targetHints":{"allow":["GET"]}}],"collection":[{"href":"https:\/\/vivipadula.it\/index.php?rest_route=\/wp\/v2\/pages"}],"about":[{"href":"https:\/\/vivipadula.it\/index.php?rest_route=\/wp\/v2\/types\/page"}],"author":[{"embeddable":true,"href":"https:\/\/vivipadula.it\/index.php?rest_route=\/wp\/v2\/users\/2"}],"replies":[{"embeddable":true,"href":"https:\/\/vivipadula.it\/index.php?rest_route=%2Fwp%2Fv2%2Fcomments&post=1847"}],"version-history":[{"count":1,"href":"https:\/\/vivipadula.it\/index.php?rest_route=\/wp\/v2\/pages\/1847\/revisions"}],"predecessor-version":[{"id":2919,"href":"https:\/\/vivipadula.it\/index.php?rest_route=\/wp\/v2\/pages\/1847\/revisions\/2919"}],"wp:attachment":[{"href":"https:\/\/vivipadula.it\/index.php?rest_route=%2Fwp%2Fv2%2Fmedia&parent=1847"}],"curies":[{"name":"wp","href":"https:\/\/api.w.org\/{rel}","templated":true}]}}